{"id":200,"date":"2014-08-04T18:14:32","date_gmt":"2014-08-04T10:14:32","guid":{"rendered":"http:\/\/hyx-mold.com\/?page_id=200"},"modified":"2018-01-02T13:35:42","modified_gmt":"2018-01-02T05:35:42","slug":"tesisler","status":"publish","type":"page","link":"https:\/\/www.molds-china.com\/tr\/tesisler\/","title":{"rendered":"Tesisler Galerisi"},"content":{"rendered":"<p>10 setten fazla CNC makinemiz, 6 set yumu\u015fak tel kesme makinemiz ve 20'den fazla EDM makinemiz, daha detayl\u0131 plastik <a href=\"https:\/\/www.molds-china.com\/tr\/capacity\/eki%cc%87pman-li%cc%87stesi%cc%87\/\">buraya t\u0131klay\u0131n <\/a>makine listesini kontrol etmek i\u00e7in.<\/p>","protected":false},"excerpt":{"rendered":"<p>10'dan fazla CNC makinemiz, 6 set yumu\u015fak tel kesme makinemiz ve 20'den fazla EDM makinemiz var, daha fazla ayr\u0131nt\u0131 plastik makine listesini kontrol etmek i\u00e7in buraya t\u0131klay\u0131n.<\/p>","protected":false},"author":1,"featured_media":0,"parent":0,"menu_order":0,"comment_status":"closed","ping_status":"closed","template":"","meta":{"_et_pb_use_builder":"","_et_pb_old_content":"","_et_gb_content_width":"","footnotes":""},"class_list":["post-200","page","type-page","status-publish","hentry"],"_links":{"self":[{"href":"https:\/\/www.molds-china.com\/tr\/wp-json\/wp\/v2\/pages\/200","targetHints":{"allow":["GET"]}}],"collection":[{"href":"https:\/\/www.molds-china.com\/tr\/wp-json\/wp\/v2\/pages"}],"about":[{"href":"https:\/\/www.molds-china.com\/tr\/wp-json\/wp\/v2\/types\/page"}],"author":[{"embeddable":true,"href":"https:\/\/www.molds-china.com\/tr\/wp-json\/wp\/v2\/users\/1"}],"replies":[{"embeddable":true,"href":"https:\/\/www.molds-china.com\/tr\/wp-json\/wp\/v2\/comments?post=200"}],"version-history":[{"count":0,"href":"https:\/\/www.molds-china.com\/tr\/wp-json\/wp\/v2\/pages\/200\/revisions"}],"wp:attachment":[{"href":"https:\/\/www.molds-china.com\/tr\/wp-json\/wp\/v2\/media?parent=200"}],"curies":[{"name":"wp","href":"https:\/\/api.w.org\/{rel}","templated":true}]}}