{"id":21,"date":"2014-08-03T15:45:40","date_gmt":"2014-08-03T07:45:40","guid":{"rendered":"http:\/\/hyx-mold.com\/?page_id=21"},"modified":"2024-01-23T15:15:13","modified_gmt":"2024-01-23T07:15:13","slug":"bize-ulasin","status":"publish","type":"page","link":"https:\/\/www.molds-china.com\/tr\/bize-ulasin\/","title":{"rendered":"Bize ula\u015f\u0131n"},"content":{"rendered":"<p><a href=\"https:\/\/www.molds-china.com\/wp-content\/uploads\/2015\/05\/20120716_0436988003170031407.jpg\"><img loading=\"lazy\" decoding=\"async\" class=\"alignright wp-image-899\" src=\"https:\/\/www.molds-china.com\/wp-content\/uploads\/2015\/05\/20120716_0436988003170031407.jpg\" alt=\"Bize ula\u015f\u0131n\" width=\"382\" height=\"290\" title=\"\" srcset=\"https:\/\/www.molds-china.com\/wp-content\/uploads\/2015\/05\/20120716_0436988003170031407.jpg 500w, https:\/\/www.molds-china.com\/wp-content\/uploads\/2015\/05\/20120716_0436988003170031407-300x228.jpg 300w\" sizes=\"(max-width: 382px) 100vw, 382px\" \/><\/a><b>DONGGUAN OLAYER TEKNOLOJI\u0307 A.\u015e., SINIRLI<\/b><\/p>\n<p><strong>Ofis adresi: <\/strong>410 Rm, Bina No. 10, HuYing DoshiHuaHu, ChangPing Kasabas\u0131, GongGuan \u015eehri, GuangDong Eyaleti, \u00c7in. 523570<\/p>\n<p>Fabrika Adresi: Rm 601, 1. bina, No.100, Changping duan, Dongshen Yolu, Changping Kasabas\u0131, Dongguan, Guangdong Eyaleti, \u00c7in. 523000<\/p>\n<p>Cep\/Wheichart: +86 13045898002<br \/>\nE-posta: <a href=\"mailto:sales@molds-china.com\">sales@molds-china.com<\/a><\/p>","protected":false},"excerpt":{"rendered":"<p>DONGGUAN OLAYER TECHNOLOGY CO.,LIMITED Ofis Adresi: 410 Rm, Bina No. 10, HuYing DoshiHuaHu, ChangPing Kasabas\u0131, GongGuan \u015eehri, GuangDong Eyaleti, \u00c7in. 523570 Fabrika Adresi: Rm 601, 1. bina, No.100, Changping duan, Dongshen Yolu, Changping Kasabas\u0131, Dongguan, Guangdong Eyaleti, \u00c7in. 523000 Cep\/Wheichart: +86 13045898002 E-posta: sales@molds-china.com<\/p>","protected":false},"author":1,"featured_media":0,"parent":0,"menu_order":0,"comment_status":"closed","ping_status":"closed","template":"","meta":{"_et_pb_use_builder":"","_et_pb_old_content":"","_et_gb_content_width":"","footnotes":""},"class_list":["post-21","page","type-page","status-publish","hentry"],"_links":{"self":[{"href":"https:\/\/www.molds-china.com\/tr\/wp-json\/wp\/v2\/pages\/21","targetHints":{"allow":["GET"]}}],"collection":[{"href":"https:\/\/www.molds-china.com\/tr\/wp-json\/wp\/v2\/pages"}],"about":[{"href":"https:\/\/www.molds-china.com\/tr\/wp-json\/wp\/v2\/types\/page"}],"author":[{"embeddable":true,"href":"https:\/\/www.molds-china.com\/tr\/wp-json\/wp\/v2\/users\/1"}],"replies":[{"embeddable":true,"href":"https:\/\/www.molds-china.com\/tr\/wp-json\/wp\/v2\/comments?post=21"}],"version-history":[{"count":0,"href":"https:\/\/www.molds-china.com\/tr\/wp-json\/wp\/v2\/pages\/21\/revisions"}],"wp:attachment":[{"href":"https:\/\/www.molds-china.com\/tr\/wp-json\/wp\/v2\/media?parent=21"}],"curies":[{"name":"wp","href":"https:\/\/api.w.org\/{rel}","templated":true}]}}