{"id":4,"date":"2014-08-02T17:16:35","date_gmt":"2014-08-02T09:16:35","guid":{"rendered":"http:\/\/hyx-mold.com\/?page_id=4"},"modified":"2022-03-06T16:06:39","modified_gmt":"2022-03-06T08:06:39","slug":"home","status":"publish","type":"page","link":"https:\/\/www.molds-china.com\/tr\/","title":{"rendered":"Ev"},"content":{"rendered":"<h1 class=\"wp-block-heading\"><strong>\u00c7in'de Kal\u0131p \u00dcreticileri<\/strong>&#8211;<strong>\u00d6zel Enjeksiyon Kal\u0131plama<\/strong><\/h1>\n\n\n\n<p>Se\u00e7me <strong>\u00c7in'de kal\u0131p \u00fcreticileri<\/strong> i\u015f pazar\u0131n\u0131z\u0131 art\u0131rmak i\u00e7in en iyi se\u00e7enek olacakt\u0131r.<\/p>\n\n\n\n<p>Plastik Enjeksiyon kal\u0131plar\u0131, d\u00fcnya \u00e7ap\u0131nda baz\u0131 i\u015fletmeler i\u00e7in kullan\u0131lan enjeksiyon kal\u0131pl\u0131 par\u00e7alar\u0131n \u00fcretilmesinde \u00e7ok \u00f6nemlidir. \u0130\u015f adamlar\u0131, sand\u0131k kal\u0131b\u0131, ev tipi plastik kal\u0131p, ambalaj kal\u0131plar\u0131, ev aletleri kal\u0131plar\u0131, otomotiv kal\u0131plar\u0131 ve benzerleri gibi plastik \u00fcr\u00fcnlerin g\u00fcnl\u00fck \u00fcretimi i\u00e7in bunlara g\u00fcveniyor.<\/p>\n\n\n\n<p>Plastik e\u015fyalar d\u00fcnya \u00e7ap\u0131nda yayg\u0131n olarak kullan\u0131lmakta ve insanlar bunlar\u0131n kullan\u0131m\u0131ndan keyif almaktad\u0131r. Birka\u00e7 tane var <strong>kal\u0131p \u00fcreticileri<\/strong> \u00c7in de dahil olmak \u00fczere d\u00fcnyan\u0131n pek \u00e7ok b\u00f6lgesinde temas kurabilece\u011finiz. Web sitesi \u00fczerinden arama yapabilir ve \u00e7e\u015fitli konularda bir s\u00fcr\u00fc bulabilirsiniz <strong>\u00c7in plastik enjeksiyon kal\u0131p \u00fcreticileri<\/strong> Google'da<\/p>\n\n\n\n<div class=\"wp-block-image\"><figure class=\"alignleft is-resized\"><img loading=\"lazy\" decoding=\"async\" src=\"https:\/\/www.molds-china.com\/wp-content\/uploads\/2019\/08\/China-Mold-Company.jpg\" alt=\"\u00c7in Kal\u0131p \u015eirketi\" class=\"wp-image-22489\" width=\"283\" height=\"167\" title=\"\" srcset=\"https:\/\/www.molds-china.com\/wp-content\/uploads\/2019\/08\/China-Mold-Company.jpg 424w, https:\/\/www.molds-china.com\/wp-content\/uploads\/2019\/08\/China-Mold-Company-300x177.jpg 300w\" sizes=\"(max-width: 283px) 100vw, 283px\" \/><figcaption>\u00c7in Kal\u0131p \u015eirketi<\/figcaption><\/figure><\/div>\n\n\n\n<p>\u00c7in, d\u00fcnyan\u0131n en b\u00fcy\u00fck ekonomilerinden biridir. Gayri Safi Milli Has\u0131la (GSY\u0130H) bak\u0131m\u0131ndan, 2018 y\u0131l\u0131nda ki\u015fi ba\u015f\u0131na (Nominal) 10.088 ($) de\u011ferine sahiptir. \u00d6zel tasar\u0131m i\u00e7eren yeni bir projeye ba\u015fl\u0131yorsan\u0131z <a href=\"https:\/\/www.molds-china.com\/tr\/plasti%cc%87k-enjeksi%cc%87yon-kalibi-2\/\" target=\"_blank\" rel=\"noreferrer noopener\"><strong><em>plastik enjeksiyon kal\u0131b\u0131<\/em><\/strong><\/a> veya \u00f6zel kal\u0131planm\u0131\u015f par\u00e7alar i\u00e7in bug\u00fcn d\u00fcnyan\u0131n \u00f6nde gelen ekonomisine ba\u015fvurabilirsiniz ve bu da \u015fu anlama gelir <strong>\u00c7in Kal\u0131b\u0131. <\/strong>Amerika Birle\u015fik Devletleri'nden sonra ikinci.<\/p>\n\n\n\n<p>B\u00fcy\u00fck i\u015fadamlar\u0131 iyi i\u015fadamlar\u0131 bulmakla ba\u015flar. <strong>enjeksiyon kal\u0131plama \u015firketleri \u00e7in<\/strong> kal\u0131p \u00fcr\u00fcnleri i\u00e7in. Bir i\u015f giri\u015fimine ba\u015flaman\u0131n avantajlar\u0131 ve dezavantajlar\u0131 vard\u0131r ve i\u015finizin y\u00fcr\u00fcmesi i\u00e7in her \u015feyin yolunda gitti\u011finden emin olman\u0131z gerekir. Bunlardan biri de do\u011fru \u00fcr\u00fcnleri ve do\u011fru <strong>\u00c7in kal\u0131p yap\u0131m \u015firketi<\/strong> bir tedarik\u00e7i olarak.<\/p>\n\n\n\n<p>Bir i\u015fe ba\u015flaman\u0131n ne kadar zor oldu\u011funu ve bir se\u00e7enek denizinde do\u011fru \u00c7in \u00f6zel plastik enjeksiyon kal\u0131plama \u00fcreticisini bulmak zorunda kalman\u0131n zaman zaman \u00e7ok sinir bozucu olabilece\u011fini hayal edin. Araman\u0131z\u0131 daraltabilir ve bir patlama ya\u015fayabilirsiniz.<\/p>\n\n\n\n<p>Bir i\u015f kurmak ayn\u0131 zamanda sorunsuz ve keyifli olmal\u0131d\u0131r. \u0130\u015finiz i\u00e7in en iyisini se\u00e7erken zaman ay\u0131rabilir ve daha sonra verimli sonu\u00e7lar\u0131n\u0131n tad\u0131n\u0131 \u00e7\u0131karabilirsiniz.<\/p>\n\n\n\n<h2 class=\"wp-block-heading\">\u00c7in plastik enjeksiyon kal\u0131p \u00fcreticileri<\/h2>\n\n\n\n<p>\u015eimdi \u00c7in'in geni\u015fli\u011fine bir g\u00f6z atal\u0131m.<\/p>\n\n\n\n<p>\u00c7in, d\u00fcnyan\u0131n en b\u00fcy\u00fck \u00fcretim kapasitelerinden biri olmas\u0131n\u0131n yan\u0131 s\u0131ra, ayn\u0131 zamanda en b\u00fcy\u00fck \u00fclkelerden biridir. Asya'n\u0131n en b\u00fcy\u00fck 2. \u00fclkesidir ve 2016 y\u0131l\u0131nda 1,379 milyar n\u00fcfusa sahiptir. \u00c7ok say\u0131da <strong><em>\u00c7in'deki Kal\u0131p \u00dcreticileri<\/em><\/strong> internette g\u00f6rebilece\u011finiz gibi.<\/p>\n\n\n\n<p>Baz\u0131lar\u0131n\u0131n iyi de\u011ferlendirmeleri var ve y\u0131llard\u0131r kuruluyorlar, baz\u0131lar\u0131 ise yeni ba\u015flad\u0131lar ve d\u00fcnyan\u0131n en b\u00fcy\u00fck pazarlama stratejileriyle rekabet edecek kadar yeterli beceriye sahip de\u011filler. Peki, nas\u0131l iyi bir <strong>\u00c7in plastik kal\u0131p fabrikas\u0131<\/strong>? \u0130\u015fte size uygun ortaklar bulman\u0131za yard\u0131mc\u0131 olabilecek baz\u0131 \u00f6neriler ve <strong>\u00c7in plastik enjeksiyon kal\u0131p \u00fcreticileri<\/strong>.<\/p>\n\n\n\n<h3 class=\"wp-block-heading\"><strong>\u00c7in'de iyi bir enjeksiyon kal\u0131p \u00fcreticisi nas\u0131l bulunur<\/strong>?<\/h3>\n\n\n\n<p>Her \u015feyden \u00f6nce, a\u015fa\u011f\u0131dakilerin mevcudiyetini g\u00f6z \u00f6n\u00fcnde bulundurman\u0131z gerekir <strong>\u00c7in enjeksiyon kal\u0131b\u0131 \u00fcreticisi<\/strong>. Baz\u0131 sorular\u0131n\u0131z i\u00e7in kendisiyle ileti\u015fime ge\u00e7ti\u011finizde hemen yan\u0131t veriyor mu?<\/p>\n\n\n\n<p>\u00d6rne\u011fin, \u00fcr\u00fcnleri hakk\u0131nda daha fazla bilgi edinmek istedi\u011finizde ve sat\u0131n almay\u0131 d\u00fc\u015f\u00fcnd\u00fc\u011f\u00fcn\u00fcz \u015feylerin uygun tahminlerini \u00f6\u011frenmek istedi\u011finizde, her zaman araman\u0131za geri d\u00f6nmeye veya e-posta ile h\u0131zl\u0131 bir yan\u0131t vermeye haz\u0131rlar m\u0131?<\/p>\n\n\n\n<p>Bu nedenle, ilk \u00f6neri bir <strong>\u00c7in enjeksiyon kal\u0131p \u00fcreticisi<\/strong> Her zaman ula\u015f\u0131labilir, m\u00fc\u015fteri hizmetleri odakl\u0131 ve her zaman se\u00e7imlerinizde size yard\u0131mc\u0131 olmaya istekli biriyle \u00e7al\u0131\u015faca\u011f\u0131n\u0131z\u0131 bildi\u011finiz i\u00e7in <em>\u00c7in plastik kal\u0131plama \u015firketi<\/em> \u00dclkenizden binlerce mil uzakta, h\u0131zl\u0131 yan\u0131t, \u00e7al\u0131\u015fmay\u0131 zaman\u0131nda g\u00fcncel tutmak i\u00e7in \u00e7ok yararl\u0131d\u0131r.<\/p>\n\n\n\n<p>\u0130kinci \u00f6neri, \u00e7ok \u00e7e\u015fitli kaliteli enjeksiyon kal\u0131plar\u0131 \/ kal\u0131planm\u0131\u015f \u00fcr\u00fcnler ve makul bir maliyetle sunan bir \u00c7in plastik enjeksiyon kal\u0131plama \u00fcreticisi araman\u0131z gerekti\u011fidir. Ayr\u0131ca, \u00fcr\u00fcnlerinin geli\u015fmekte olan i\u015f giri\u015fimlerinizin ihtiya\u00e7lar\u0131n\u0131 kar\u015f\u0131lamak i\u00e7in sunulup sunulmad\u0131\u011f\u0131n\u0131 da dikkate al\u0131n.<\/p>\n\n\n\n<p>\u00dc\u00e7\u00fcnc\u00fc \u00f6neri ise, bu \u00fcr\u00fcnlerin i\u015flenmesinde kullan\u0131lan ekipmanlar\u0131n <strong>Enjeksiyon<\/strong> <strong>plasti\u0307k kaliplar <\/strong>uzun \u00f6m\u00fcrl\u00fc ve dayan\u0131kl\u0131 sonu\u00e7lar \u00fcretmek i\u00e7in son teknoloji \u00fcr\u00fcn\u00fcd\u00fcr, asla sadece fiyata bakmay\u0131n, fiyat \u00e7ok d\u00fc\u015f\u00fckse, sahip oldu\u011funuz kal\u0131plar iyi \u00e7al\u0131\u015fmayabilir. <strong>\u00c7in enjeksiyon kal\u0131b\u0131<\/strong> Fabrikan\u0131za geri d\u00f6n\u00fcn, bildi\u011finiz gibi fiyatlar\u0131 ne kadar d\u00fc\u015f\u00fck olursa olsun, yine de k\u00e2ra ihtiya\u00e7lar\u0131 var, uygun fiyat, kaliteli ve iyi hizmet sizin i\u00e7in her zaman en iyi se\u00e7imdir, bu noktay\u0131 akl\u0131n\u0131zda bulundurun, i\u015f seyahatiniz s\u0131ras\u0131nda emniyet kemeri olabilir.<\/p>\n\n\n\n<div class=\"wp-block-image\"><figure class=\"alignright size-large\"><a href=\"https:\/\/www.molds-china.com\/wp-content\/uploads\/2021\/05\/Injection-molding-china.jpg\"><img loading=\"lazy\" decoding=\"async\" width=\"400\" height=\"300\" src=\"https:\/\/www.molds-china.com\/wp-content\/uploads\/2021\/05\/Injection-molding-china.jpg\" alt=\"Enjeksiyon kal\u0131plama \u00c7in\" class=\"wp-image-22622\" title=\"\" srcset=\"https:\/\/www.molds-china.com\/wp-content\/uploads\/2021\/05\/Injection-molding-china.jpg 400w, https:\/\/www.molds-china.com\/wp-content\/uploads\/2021\/05\/Injection-molding-china-300x225.jpg 300w\" sizes=\"(max-width: 400px) 100vw, 400px\" \/><\/a><figcaption>Enjeksiyon kal\u0131plama \u00c7in<\/figcaption><\/figure><\/div>\n\n\n\n<p>Son olarak, a\u015fa\u011f\u0131dakilere bir g\u00f6z atman\u0131z gerekebilir <strong>\u00c7in enjeksiyon kal\u0131p \u00fcreticisi<\/strong> sahnede, daha \u00f6nce ve \u015fu anda yapt\u0131klar\u0131 \u00f6zel plastik kal\u0131plara bakmak i\u00e7in, bu onlar\u0131n kalitesini ve ihtiyac\u0131n\u0131z\u0131 kar\u015f\u0131layabilecek kapasitelerini kontrol etmenin kolay bir yolu olacakt\u0131r. Her \u015feyden memnun oldu\u011funuzda, o zaman birini sizin olarak se\u00e7ebilirsiniz. <strong>\u00c7in Enjeksiyon kal\u0131b\u0131<\/strong> ve kal\u0131plama tedarik\u00e7isi.<\/p>\n\n\n\n<p>Uygun olan\u0131 se\u00e7mek i\u00e7in <strong>\u00c7in plastik enjeksiyon kal\u0131p \u00fcreticileri<\/strong> kolay de\u011fildir, e\u011fer do\u011fru ki\u015fiyi bulmak istiyorsan\u0131z <strong>plastik enjeksiyon kal\u0131plama \u00e7in<\/strong> \u015firket yerel bir kal\u0131p tedarik\u00e7isi ve plastik par\u00e7a \u00fcreticisi bulmaktan bile zor olacakt\u0131r, \u00e7\u00fcnk\u00fc ileti\u015fim temel bir konudur, \u0130ngilizce konu\u015fan birini bulmak o kadar da zor de\u011fildir, ancak iyi \u0130ngilizce becerisine sahip uzman teknik ge\u00e7mi\u015fi bulmak kolay de\u011fildir.<\/p>\n\n\n\n<p>Kaliteli enjeksiyon kal\u0131plar\u0131n\u0131z\u0131 veya enjeksiyon kal\u0131plama \u00fcr\u00fcnlerinizi yap\u0131n, A <strong>\u00c7in plastik kal\u0131p fabrikas\u0131<\/strong> Hem ileti\u015fim hem de teknoloji konusunda profesyonel olan, sadece iyi \u0130ngilizce ancak zay\u0131f teknik ileti\u015fim kurmak zor olacak, hatta yanl\u0131\u015f tarafa gidecek, i\u015finizi bir \u00c7inli kal\u0131plama \u015firketi ile ba\u015far\u0131l\u0131 k\u0131lmak istiyorsan\u0131z, bu noktalar projenizi ba\u015farmak i\u00e7in bir g\u00fcvenlik olacakt\u0131r. Do\u011fru orta\u011f\u0131 buldu\u011funuzda, her s\u0131k\u0131 \u00e7al\u0131\u015fmaya de\u011fer bir \u00c7in Plastik Enjeksiyon kal\u0131p \/ kal\u0131plama \u00fcreticisi i\u00e7in \u00e7ok dikkatli bir \u015fekilde se\u00e7melisiniz.<\/p>\n\n\n\n<p>E\u011fer arad\u0131\u011f\u0131n\u0131z <strong>\u00c7in'de kal\u0131p \u00fcreticileri<\/strong>? Referans\u0131n\u0131z i\u00e7in en iyi se\u00e7eneklerden biriyiz; bizi veritaban\u0131n\u0131za alabilir ve daha sonra analiz edebilirsiniz, sat\u0131\u015flar\u0131m\u0131z 6 y\u0131ldan fazla teknik beceriye sahiptir, kal\u0131p \u00fcreticisi, kal\u0131p tasar\u0131m\u0131, proje y\u00f6netimi ve sat\u0131\u015ftan \u00e7al\u0131\u015f\u0131yorlard\u0131, bu nedenle sat\u0131\u015f eleman\u0131m\u0131z i\u015finizi h\u0131zl\u0131 ve sorunsuz bir \u015fekilde ba\u015faracak niteliktedir. bizimle e-posta yoluyla ileti\u015fime ge\u00e7ebilirsiniz.<\/p>\n\n\n\n<h3 class=\"wp-block-heading\"><strong>Bizimle \u00e7al\u0131\u015fmak size baz\u0131 avantajlar sa\u011flayacakt\u0131r<\/strong><\/h3>\n\n\n\n<ul class=\"wp-block-list\"><li>Son derece uygun fiyatl\u0131 \u00fcr\u00fcnler elde edilir, m\u00fc\u015fteri memnuniyeti garantilidir, herhangi bir sorun uzman ekibimiz taraf\u0131ndan tamamen \u00e7\u00f6z\u00fclecektir.<\/li><li>Kal\u0131p imalat\u0131 ve kal\u0131p \u00fcretimi konusunda 18 y\u0131ll\u0131k teknik deneyime sahip, ak\u0131c\u0131 \u0130ngilizce ileti\u015fimi olan.<\/li><li>Par\u00e7a tasar\u0131m\u0131, kal\u0131p tasar\u0131m\u0131, kal\u0131p yap\u0131m\u0131, seri \u00fcretim, boyama, serigrafi, kaplama, montaj ve do\u011frudan taraf\u0131n\u0131za sevkiyatta tek elden hizmet.<\/li><li>H\u0131zl\u0131 teslim s\u00fcresi, k\u00fc\u00e7\u00fck par\u00e7alar i\u00e7in 15 g\u00fcn.<\/li><li>Kadar d\u00fc\u015f\u00fck maliyetli <strong>$ 650<\/strong> i\u00e7in <strong>\u00f6zel kal\u0131p imalat\u0131<\/strong> ilk yat\u0131r\u0131m\u0131n\u0131z\u0131 kurtarmak i\u00e7in.<\/li><\/ul>\n\n\n\n<p>Bizi test etmeye ve konu\u015fmak i\u00e7in bizi aramaya ho\u015f geldiniz, \u00f6zel plastik kal\u0131p ve plastik enjeksiyon kal\u0131plama hizmetinde en iyi orta\u011f\u0131n\u0131z olabiliriz.<\/p>\n\n\n\n<h3 class=\"wp-block-heading\"><strong>Bir \u00c7in plastik enjeksiyon kal\u0131p \u00fcreticisi ve \u015eirketi ile nas\u0131l \u00e7al\u0131\u015f\u0131l\u0131r<\/strong>?<\/h3>\n\n\n\n<p>\u0130kinci ad\u0131m\u0131 bitirdi\u011finizde, yeni biriyle uyumlu bir ili\u015fki kurabilmek i\u00e7in i\u015fe yarayacak olan\u0131 se\u00e7meniz, ba\u015flaman\u0131z gerekir.<strong> \u00c7in plastik enjeksiyon kal\u0131plama \u00fcreticisi<\/strong>. Dikkate al\u0131nmas\u0131 gereken ilk hususlar \u00f6deme ko\u015fullar\u0131d\u0131r. \u00d6ng\u00f6r\u00fcld\u00fc\u011f\u00fc gibi zaman\u0131nda \u00f6deme yapmak, i\u015fin sorunsuz ve kolay bir \u015fekilde ilerlemesini sa\u011flar.<\/p>\n\n\n\n<p>\u00d6deme ko\u015fullar\u0131n\u0131, sizin sorumluluklar\u0131n\u0131z\u0131 ve onlar\u0131n sorumluluklar\u0131n\u0131 belirten bir s\u00f6zle\u015fme olmal\u0131d\u0131r. Bu, tedarik\u00e7ilerinizle yar\u0131 yolda bulu\u015fmak gibidir. Ayr\u0131ca, tedarik\u00e7ilerinizin genellikle ilgilenmesi gereken ba\u015fka m\u00fc\u015fterileri de varsa, baz\u0131 \u015feylerin hemen ele al\u0131nmayaca\u011f\u0131 zamanlar olabilece\u011fini unutmay\u0131n.<\/p>\n\n\n\n<p>\u0130kinci olarak da, sizin <strong>plasti\u0307k kalip i\u0307malati<\/strong> sormak i\u00e7in programda yer almaktad\u0131r. <em>\u00c7in kal\u0131b\u0131 <\/em>tedarik\u00e7iden kal\u0131p \u00fcretim zaman plan\u0131 ve kal\u0131p deneme teslim program\u0131 yapmas\u0131n\u0131 isteyin, size her hafta \u00fcretim resimleriyle birlikte haftal\u0131k rapor g\u00f6ndermelerini isteyin, bu zaman \u00e7izelgesini koruman\u0131n daha g\u00fcvenli bir yolu olabilir, baz\u0131 sorunlar oldu\u011funda tedarik\u00e7iden \u00f6\u011frenebilirsiniz. <strong>kal\u0131p imalat\u0131<\/strong> Binlerce mil \u00f6tede oldu\u011funuz i\u00e7in her g\u00fcn onlara g\u00f6z kulak olamayaca\u011f\u0131n\u0131z i\u00e7in resimler.<\/p>\n\n\n\n<p>Pazar yeri hakk\u0131nda daha fazla bilgi edinin ve <strong>\u00c7in plastik kal\u0131p fabrikas\u0131<\/strong>\u00dcr\u00fcnleri veya hizmetleri hakk\u0131nda sorular\u0131n\u0131z ve a\u00e7\u0131klamalar\u0131n\u0131z oldu\u011funda. Bunlar, daha iyi bir anlay\u0131\u015f sa\u011flaman\u0131n ve i\u015f ili\u015fkinizin sorunsuz ve ba\u015far\u0131l\u0131 bir \u015fekilde devam etmesinin yollar\u0131ndan baz\u0131lar\u0131d\u0131r.<\/p>\n\n\n\n<p>Sorular\u0131n\u0131z\u0131 yan\u0131tlamaya haz\u0131r\u0131z, \u015fimdi e-posta ile bizimle ileti\u015fime ge\u00e7in <a href=\"mailto:sales@molds-china.com\" rel=\"noreferrer noopener\" target=\"_blank\">sales@molds-china.com<\/a><\/p>\n\n\n\n<div class=\"wp-block-image\"><figure class=\"alignleft size-large\"><a href=\"https:\/\/www.molds-china.com\/wp-content\/uploads\/2021\/05\/mold-manufacturer-China.jpg\"><img loading=\"lazy\" decoding=\"async\" width=\"400\" height=\"300\" src=\"https:\/\/www.molds-china.com\/wp-content\/uploads\/2021\/05\/mold-manufacturer-China.jpg\" alt=\"\u00c7in&#039;de Kal\u0131p \u00dcreticisi\" class=\"wp-image-22623\" title=\"\" srcset=\"https:\/\/www.molds-china.com\/wp-content\/uploads\/2021\/05\/mold-manufacturer-China.jpg 400w, https:\/\/www.molds-china.com\/wp-content\/uploads\/2021\/05\/mold-manufacturer-China-300x225.jpg 300w\" sizes=\"(max-width: 400px) 100vw, 400px\" \/><\/a><figcaption>\u00c7in'de Kal\u0131p \u00dcreticisi<\/figcaption><\/figure><\/div>\n\n\n\n<h3 class=\"wp-block-heading\">\u00d6zel Plastik Enjeksiyon Kal\u0131p ve Kal\u0131plama i\u00e7in Rekabet\u00e7i Fiyatla Size Y\u00fcksek Kalite Sunuyoruz<\/h3>\n\n\n\n<p>T\u00fcketiciler en geli\u015fmi\u015f enjeksiyon kal\u0131plar\u0131n\u0131 almaktan \u015f\u00fcphe duyuyorlar. Bunlar, proje spesifikasyonlar\u0131n\u0131 takip etmek i\u00e7in gereklidir.<\/p>\n\n\n\n<p>Dongguan Olayer Technology Co.ltd (HAO YUAN XING Mold Co, Ltd, Ekim 2020'de Sincere ad\u0131n\u0131 de\u011fi\u015ftirdi), m\u00fc\u015fterilerin projelerinin en zorlu \u00f6zelliklerini kar\u015f\u0131lama konusunda g\u00fcvenilirdir. Olayer <strong>\u00c7in enjeksiyon kal\u0131p fabrikas\u0131<\/strong> rekabet\u00e7i ve uygun fiyatla birlikte kaliteli m\u00fc\u015fteri hizmetleri de sunmaktad\u0131r.<\/p>\n\n\n\n<p><strong>\u015eirkete g\u00fcvenmenin faydalar\u0131 \u015funlard\u0131r:<\/strong><\/p>\n\n\n\n<ul class=\"wp-block-list\"><li>Plastik kal\u0131plar\u0131m\u0131z\u0131n \/ kal\u0131plama par\u00e7alar\u0131m\u0131z\u0131n nitelikleri pazarlama end\u00fcstrisinde olduk\u00e7a uygun ve etkilidir.<\/li><li>Personelin e\u015fsiz uzmanl\u0131\u011f\u0131 sayesinde m\u00fc\u015fterilere tam memnuniyet garantisi verilmektedir.<\/li><li>\u0130\u015fler k\u0131sa s\u00fcrede halledildi\u011fi i\u00e7in endi\u015felerin \u00e7o\u011fu personele b\u0131rak\u0131l\u0131r.<\/li><li>\u00dcretim seviyeleri i\u00e7in m\u00fc\u015fterilerin \u00f6zel gereksinimleri kar\u015f\u0131lanmaktad\u0131r.<\/li><li>En geli\u015fmi\u015f plastik kal\u0131p s\u00fcreci daha ayr\u0131nt\u0131l\u0131 olarak tan\u0131t\u0131lm\u0131\u015ft\u0131r. Par\u00e7a tasar\u0131m\u0131 ilk olarak DFM raporu ile analiz edilmi\u015ftir.<\/li><li>kal\u0131p 100% olacak ve m\u00fc\u015fterilerin kalite spesifikasyonlar\u0131n\u0131 kar\u015f\u0131layacakt\u0131r.<\/li><li>Yeni enjeksiyon kal\u0131plar\u0131, modifikasyonlar i\u00e7in herhangi bir maliyet makul olacakt\u0131r. Tamamen m\u00fc\u015fteri taraf\u0131n\u0131 d\u00fc\u015f\u00fcnerek.<\/li><li>Ge\u00e7ilirse ISO9001 sertifikas\u0131.<\/li><\/ul>\n\n\n\n<h4 class=\"wp-block-heading\">Plastik enjeksiyon kal\u0131p \/ kal\u0131plama hizmetimizin avantajlar\u0131.<\/h4>\n\n\n\n<ul class=\"wp-block-list\"><li>\u00c7al\u0131\u015fanlar, proje i\u00e7in en kaliteli hizmeti sa\u011flama konusunda iyi e\u011fitim alm\u0131\u015flard\u0131r.<\/li><li>Enjeksiyon kal\u0131plama kal\u0131p m\u00fchendisi, tasar\u0131m m\u00fchendisi, nakliye ve kal\u0131p \u00fcretim s\u00fcreci y\u00f6neticisi, m\u00fc\u015fterilerin garantili memnuniyetini kar\u015f\u0131lamak i\u00e7in becerilerini birle\u015ftiriyor<\/li><li>\u015eirket, m\u00fc\u015fterilerin kal\u0131plar\u0131 optimize etme ve b\u00fcy\u00fck \u00fcretim \u00f6ncesinde zaman ve maliyet tasarrufu sa\u011flama gibi taleplerini kar\u015f\u0131lamaktad\u0131r.<\/li><li>M\u00fc\u015fterilere y\u00f6nelik ba\u015far\u0131l\u0131 projeler i\u00e7in etkin y\u00f6netim teknikleri kullan\u0131l\u0131r<\/li><li>Kal\u0131p sorunlar\u0131, m\u00fc\u015fterilerin spesifikasyonlar\u0131n\u0131 ve taleplerini kar\u015f\u0131lamada analiz edilir ve geli\u015ftirilir, 100% garantisi.<\/li><li>Sunulacak \u00e7\u00f6z\u00fcm i\u00e7in sorunlar s\u0131n\u0131fland\u0131r\u0131l\u0131r.<\/li><li>Kal\u0131p maliyetini ve b\u00fcy\u00fck \u00fcretim maliyetini azaltmak i\u00e7in belirli konularda en iyi \u00e7\u00f6z\u00fcm \u00f6nerilmektedir.<\/li><\/ul>\n\n\n\n<p>Olayer, \u00fcretim standartlar\u0131n\u0131 koruyan bir kurulu\u015f olarak g\u00fcvenilirdir. Tasar\u0131m, i\u015fleme ve sevkiyat yakla\u015f\u0131m\u0131n\u0131n bir par\u00e7as\u0131 olan etkili sistemini sunar!<\/p>\n\n\n\n<p>Bize ula\u015f\u0131n veya \u015fu adresten e-posta g\u00f6nderin <a href=\"mailto:sales@molds-china.com\" rel=\"noreferrer noopener\" target=\"_blank\">sales@molds-china.com<\/a> ihtiya\u00e7lar\u0131n\u0131z i\u00e7in fiyat teklifi alma konusunda <strong>\u00f6zel plasti\u0307k kalip ve \u00f6zel enjeksi\u0307yon kalip i\u0307malati hi\u0307zmeti\u0307<\/strong><\/p>\n\n\n\n<p>E\u011fer bir ev ar\u0131yorsan\u0131z <strong>\u00c7in'de kal\u0131p \u00fcreticileri<\/strong> o zaman do\u011fru yere geldiniz. Firmam\u0131z profesyonel bir <a href=\"https:\/\/www.molds-china.com\/tr\/\" target=\"_blank\" rel=\"noreferrer noopener\"><strong>\u00c7in kal\u0131p \u00fcreticisi<\/strong><\/a> En kaliteli, geli\u015fmi\u015f enjeksiyon kal\u0131plar\u0131 ve kal\u0131planm\u0131\u015f par\u00e7alar\u0131 ucuz bir fiyatla \u00fcretmek.<\/p>\n\n\n\n<p>Bu b\u00f6lgede 16 y\u0131l\u0131 a\u015fk\u0131n deneyime sahip otomotiv kal\u0131plar\u0131, ev aletleri kal\u0131plar\u0131 vb. Biz sizin i\u00e7in uygunuz <strong>\u00c7in kal\u0131p yap\u0131m \u015firketi<\/strong> B\u00f6lgedeki y\u00fcksek kaliteli enjeksiyon kal\u0131plar\u0131 ve plastik kal\u0131plama hizmetleri ile size en iyi fiyat\u0131 sunar (ayn\u0131 s\u0131n\u0131f kal\u0131p tedarik\u00e7isine k\u0131yasla). Biz tedarik ediyoruz<em> kal\u0131plar ve enjeksiyon kal\u0131pl\u0131 plastik par\u00e7alar <\/em>d\u00fcnya \u00e7ap\u0131ndaki \u015firketlere.<\/p>\n\n\n\n<p>Plastik enjeksiyon kal\u0131p ve kal\u0131plama par\u00e7alar\u0131 yapmak i\u00e7in projeniz haz\u0131r m\u0131? Hemen bize ula\u015f\u0131n 24 saat i\u00e7inde fiyat teklifi al\u0131n.<\/p>","protected":false},"excerpt":{"rendered":"<p>Mold Manufacturers In China&#8211;Custom Injection Molding Choosing mold manufacturers in China to increase your business market will be the best option. Plastic Injection molds are essential in producing injection moulded parts used for some businesses around the world. Businessmen are relying on these for their day to day production of plastics products such as crate [&hellip;]<\/p>","protected":false},"author":1,"featured_media":0,"parent":0,"menu_order":0,"comment_status":"open","ping_status":"open","template":"","meta":{"_et_pb_use_builder":"","_et_pb_old_content":"","_et_gb_content_width":"","footnotes":""},"class_list":["post-4","page","type-page","status-publish","hentry"],"_links":{"self":[{"href":"https:\/\/www.molds-china.com\/tr\/wp-json\/wp\/v2\/pages\/4","targetHints":{"allow":["GET"]}}],"collection":[{"href":"https:\/\/www.molds-china.com\/tr\/wp-json\/wp\/v2\/pages"}],"about":[{"href":"https:\/\/www.molds-china.com\/tr\/wp-json\/wp\/v2\/types\/page"}],"author":[{"embeddable":true,"href":"https:\/\/www.molds-china.com\/tr\/wp-json\/wp\/v2\/users\/1"}],"replies":[{"embeddable":true,"href":"https:\/\/www.molds-china.com\/tr\/wp-json\/wp\/v2\/comments?post=4"}],"version-history":[{"count":0,"href":"https:\/\/www.molds-china.com\/tr\/wp-json\/wp\/v2\/pages\/4\/revisions"}],"wp:attachment":[{"href":"https:\/\/www.molds-china.com\/tr\/wp-json\/wp\/v2\/media?parent=4"}],"curies":[{"name":"wp","href":"https:\/\/api.w.org\/{rel}","templated":true}]}}