{"id":963,"date":"2016-04-09T23:57:48","date_gmt":"2016-04-09T15:57:48","guid":{"rendered":"https:\/\/www.molds-china.com\/?page_id=963"},"modified":"2019-07-02T21:52:56","modified_gmt":"2019-07-02T13:52:56","slug":"neden-biz","status":"publish","type":"page","link":"https:\/\/www.molds-china.com\/tr\/neden-biz\/","title":{"rendered":"Neden biz"},"content":{"rendered":"<h2>Avantajlar\u0131m\u0131z<\/h2>\n<ul>\n<li>Kal\u0131plar\u0131n\u0131z\u0131 h\u0131zl\u0131 yapmak ve zamandan tasarruf etmek i\u00e7in plastik kal\u0131p yapmak i\u00e7in yeterli makineye sahibiz, 20 set EDM makinesi, ikisi iki kafal\u0131, 15'ten fazla CNC makinesi seti, Bu, ne kadar me\u015fgul olursak olal\u0131m kal\u0131plar\u0131n\u0131z\u0131 asla dinlenmeye b\u0131rakmayacakt\u0131r. hala bir\u00e7ok \u015firketin bizim kadar g\u00fc\u00e7l\u00fc oldu\u011funu d\u00fc\u015f\u00fcnebilirsiniz, do\u011fru ama fiyat bizden \u00e7ok daha y\u00fcksek \u00e7\u00fcnk\u00fc sahip olmad\u0131klar\u0131 baz\u0131 avantajlar.<\/li>\n<\/ul>\n<ul>\n<li>Kal\u0131p \u00fcretim maliyetini d\u00fc\u015f\u00fcrmek ve kaliteyi y\u00fcksek tutmak i\u00e7in sahibimiz bug\u00fcn kal\u0131p taban\u0131 \u015firketine sahiptir, kal\u0131p taban\u0131 kendimiz taraf\u0131ndan yap\u0131laca\u011f\u0131ndan fiyat d\u00fc\u015f\u00fcr\u00fclecektir. Bu sadece kal\u0131p \u00fcretim maliyetini d\u00fc\u015f\u00fcrmek i\u00e7in de\u011fil, ayn\u0131 zamanda zaman\u0131 di\u011ferlerinden daha h\u0131zl\u0131 hareket ettirmek i\u00e7indir.<\/li>\n<\/ul>\n<ul>\n<li>Buradaki proje y\u00f6neticilerimizden biri be\u015f y\u0131l boyunca plastik kal\u0131plar da yapan yabanc\u0131 sermayeli bir \u015firkette \u00e7al\u0131\u015ft\u0131. D\u00fc\u015f\u00fcnme becerileri Amerika veya Avrupa'daki m\u00fc\u015fterilere \u00e7ok yak\u0131n olacakt\u0131r.<\/li>\n<\/ul>\n<h3><em><strong>Genel \u00e7al\u0131\u015fma prosed\u00fcrleri, sadece bunu yapmakla kalmaz, ayn\u0131 zamanda \u00f6zel ihtiya\u00e7lar\u0131n\u0131z\u0131 da takip eder.\u00a0<\/strong><\/em><\/h3>\n<p><strong>Alet \u00e7izimi<\/strong><\/p>\n<ul>\n<li>Tak\u0131m \u00e7izimi ba\u015flamadan \u00f6nce, m\u00fc\u015fteriye ay\u0131rma \u00e7izgisi, \u00e7ekim a\u00e7\u0131s\u0131, so\u011futma hatt\u0131 d\u00fczeni, potansiyel sorun vb. dahil olmak \u00fczere genel tak\u0131m yap\u0131s\u0131n\u0131 g\u00f6steren DFM raporu g\u00f6nderilecektir.<\/li>\n<li>Par\u00e7a i\u00e7in en iyi kap\u0131 konumunu bulmak i\u00e7in kal\u0131p ak\u0131\u015f\u0131 yap\u0131n, tak\u0131m \u00e7izimi bittikten sonra, batma i\u015fareti, b\u00fcz\u00fclme, s\u0131cak nokta, so\u011futma durumu, tahmini d\u00f6ng\u00fc s\u00fcresi, \u00e7arp\u0131lma sorunu dahil olmak \u00fczere ger\u00e7ek kal\u0131p ak\u0131\u015f analizi raporu haz\u0131rlayacakt\u0131r, bu tasar\u0131m ve kal\u0131p izinde referans al\u0131nacakt\u0131r.<\/li>\n<li>UG yaz\u0131l\u0131m\u0131n\u0131 kullanarak t\u00fcm 3D tak\u0131m \u00e7izim tasar\u0131m\u0131, bu 2 veya 3 g\u00fcn kazand\u0131racak ve tak\u0131m \u00e7izimini optimize edecektir.<\/li>\n<li>Her \u015feyin iyi oldu\u011fundan emin olmak i\u00e7in tak\u0131m \u00e7izimini kontrol listesi ve m\u00fc\u015fteri spesifikasyonlar\u0131 ile tek tek kontrol edin.<\/li>\n<li>Proje y\u00f6neticisi ayr\u0131ca m\u00fc\u015fteriye tak\u0131m \u00e7izimini g\u00f6ndermeden \u00f6nce tak\u0131m \u00e7izimini kontrol listesi ile kontrol edecektir, birka\u00e7 kontrol ad\u0131m\u0131 ile bu, tak\u0131m \u00e7izimindeki sorunu en aza indirecektir.<\/li>\n<\/ul>\n<p><strong>Kal\u0131p \u00fcretimi s\u0131ras\u0131nda - tak\u0131m \u00e7izimi onayland\u0131ktan sonra<\/strong><\/p>\n<ul>\n<li>D\u0131\u015f kaynak kullan\u0131m\u0131ndan geri gelen her \u00e7elik tek tek kontrol edilecek, sorun bulunursa sorun \u00e7\u00f6z\u00fclene kadar ilgili ki\u015filerle ileti\u015fime ge\u00e7ilmesi gerekecek, bu da kal\u0131p \u00fcretimi i\u00e7in hata ve zaman\u0131 azaltacakt\u0131r.<\/li>\n<li>Her EDM i\u015fi yap\u0131ld\u0131ktan sonra, herhangi bir elektrotu ka\u00e7\u0131r\u0131p ka\u00e7\u0131rmad\u0131\u011f\u0131m\u0131z\u0131 kontrol etmek i\u00e7in kesici u\u00e7lar\u0131 kontrol departman\u0131na ta\u015f\u0131yacakt\u0131r, bu, tak\u0131m\u0131 test ederken baz\u0131 \u00f6zelliklerin eksik oldu\u011funu bulman\u0131z\u0131 \u00f6nleyecektir.<\/li>\n<li>Her sorunu kaydedin ve \u00e7\u00f6z\u00fcmlerle birlikte m\u00fc\u015fteriye raporlay\u0131n.<\/li>\n<li>T\u00fcm kal\u0131p ba\u011flant\u0131lar\u0131n\u0131 yapt\u0131ktan sonra a\u015fa\u011f\u0131daki \u015feyleri kontrol ediyoruz.<\/li>\n<\/ul>\n<ol>\n<li>So\u011futma sistemi,<\/li>\n<li>Boya ile kal\u0131b\u0131n montaj durumunu kontrol edin.<\/li>\n<li>Kal\u0131b\u0131n d\u0131\u015f\u0131ndaki korozyon korumas\u0131n\u0131 kontrol edin<\/li>\n<li>Ejekt\u00f6r pimlerinin d\u00fczg\u00fcn \u00e7al\u0131\u015f\u0131p \u00e7al\u0131\u015fmad\u0131\u011f\u0131n\u0131 kontrol edin<\/li>\n<\/ol>\n<p><strong>Kal\u0131p deneme prosed\u00fcrleri:<\/strong><\/p>\n<ul>\n<li>Her \u015feyi \u00f6nce plasti\u011fin \u00f6zelli\u011fine, erime s\u0131cakl\u0131\u011f\u0131na, kal\u0131p s\u0131cakl\u0131\u011f\u0131na, s\u0131k\u0131\u015ft\u0131rma kuvvetine (bu, kal\u0131p ak\u0131\u015f\u0131na ve m\u00fc\u015fterilerin makine verilerine ba\u015fvurabilir) vb. g\u00f6re ayarlay\u0131n.<\/li>\n<li>Enjeksiyon h\u0131z\u0131n\u0131 ad\u0131m ad\u0131m ayarlay\u0131n, dolum dengesi durumunu kontrol etmek i\u00e7in dolum durumunu at\u0131\u015ftan 97%'ye kadar dolu hale getirin (tutma bas\u0131nc\u0131 0'd\u0131r).<\/li>\n<li>Havaland\u0131rma sorununu kontrol etmek i\u00e7in y\u00fcksek enjeksiyon h\u0131z\u0131 kullan\u0131n, tak\u0131m\u0131n otomatik olarak \u00e7al\u0131\u015f\u0131p \u00e7al\u0131\u015fmad\u0131\u011f\u0131n\u0131 kontrol edin, iyi numuneler elde edene kadar tutma bas\u0131nc\u0131n\u0131 ad\u0131m ad\u0131m art\u0131r\u0131n, par\u00e7a a\u011f\u0131rl\u0131\u011f\u0131n\u0131, yolluk a\u011f\u0131rl\u0131\u011f\u0131n\u0131 kaydedin.<\/li>\n<li>Par\u00e7alar\u0131n kal\u0131planmas\u0131n\u0131n kolay olup olmad\u0131\u011f\u0131n\u0131 g\u00f6rmek i\u00e7in geni\u015f enjeksiyon i\u015fleme penceresine sahip olup olmad\u0131\u011f\u0131n\u0131 kontrol edin, kal\u0131p deneme parametresini kaydedin.<\/li>\n<li>Par\u00e7a sorununu, kal\u0131p sorununu kaydedin, deneme videosu \u00e7ekin vb.<\/li>\n<\/ul>\n<p><strong>Plastik kal\u0131p denemesinden sonra (kal\u0131p ayar\u0131 s\u0131ras\u0131nda).<\/strong><\/p>\n<ul>\n<li>M\u00fc\u015fteri par\u00e7a sorunu, kal\u0131p sorunu raporu, kal\u0131p deneme videosu, numuneler, \u00f6l\u00e7\u00fcm raporu, kal\u0131p deneme parametresi g\u00f6nderin.<\/li>\n<li>Kal\u0131p ve par\u00e7a sorunu i\u00e7in \u00e7\u00f6z\u00fcm sa\u011flamak ve sorun tamamen \u00e7\u00f6z\u00fclene kadar sorunlar\u0131 \u00e7\u00f6zmek i\u00e7in m\u00fc\u015fteriden onay almak.<\/li>\n<\/ul>\n<p><strong>M\u00fc\u015fteri taraf\u0131ndan onaylanm\u0131\u015f kal\u0131p<\/strong><\/p>\n<ul>\n<li>Kal\u0131p i\u015flevini do\u011frulamak i\u00e7in plastikli veya plastiksiz 3 saat son kal\u0131p denemesi ve \u00e7al\u0131\u015ft\u0131rma kal\u0131b\u0131 yap\u0131n, 3 saat sonra her ayr\u0131nt\u0131y\u0131 kontrol etmek i\u00e7in kal\u0131b\u0131 \u00e7al\u0131\u015ft\u0131r\u0131n ve s\u00f6k\u00fcn, s\u0131k\u0131 nokta varsa, kal\u0131pta herhangi bir potansiyel yan\u0131k izi varsa, kal\u0131b\u0131 tek tek kontrol edin kontrol listesi ile, m\u00fc\u015fteri bu listeye sahipse m\u00fc\u015fteri listesini takip edece\u011fiz, aksi takdirde kontrol listemizi kullanaca\u011f\u0131z.<\/li>\n<li>Paslanmaya kar\u015f\u0131 dayan\u0131kl\u0131 gres p\u00fcsk\u00fcrt\u00fcn, kal\u0131b\u0131 temizledikten ve filmle paketledikten sonra kal\u0131b\u0131n d\u0131\u015f\u0131n\u0131 ye\u015fil boya ile boyay\u0131n ve ard\u0131ndan i\u015flenmi\u015f ah\u015fap kutuya koyun ve kal\u0131b\u0131 hava yoluyla g\u00f6nderin.<\/li>\n<\/ul>\n<h3><strong>\u015eimdi teklif al\u0131n\u00a0<a href=\"mailto:sales@hao-mold\">sales@hao-mold.com<\/a> plastik kal\u0131plar\u0131n\u0131z ve par\u00e7alar\u0131n\u0131z i\u00e7in<\/strong><\/h3>","protected":false},"excerpt":{"rendered":"<p>Our Advantages To make your molds fast and save time we have sufficient machines for making plastic mold, 20 sets of EDM machines, two of them with two heads, more than 15 sets of CNC machines, This will never put your molds at side for rest no matter how busy we are, you may think [&hellip;]<\/p>","protected":false},"author":1,"featured_media":0,"parent":0,"menu_order":0,"comment_status":"closed","ping_status":"open","template":"","meta":{"_et_pb_use_builder":"","_et_pb_old_content":"","_et_gb_content_width":"","footnotes":""},"class_list":["post-963","page","type-page","status-publish","hentry"],"_links":{"self":[{"href":"https:\/\/www.molds-china.com\/tr\/wp-json\/wp\/v2\/pages\/963","targetHints":{"allow":["GET"]}}],"collection":[{"href":"https:\/\/www.molds-china.com\/tr\/wp-json\/wp\/v2\/pages"}],"about":[{"href":"https:\/\/www.molds-china.com\/tr\/wp-json\/wp\/v2\/types\/page"}],"author":[{"embeddable":true,"href":"https:\/\/www.molds-china.com\/tr\/wp-json\/wp\/v2\/users\/1"}],"replies":[{"embeddable":true,"href":"https:\/\/www.molds-china.com\/tr\/wp-json\/wp\/v2\/comments?post=963"}],"version-history":[{"count":0,"href":"https:\/\/www.molds-china.com\/tr\/wp-json\/wp\/v2\/pages\/963\/revisions"}],"wp:attachment":[{"href":"https:\/\/www.molds-china.com\/tr\/wp-json\/wp\/v2\/media?parent=963"}],"curies":[{"name":"wp","href":"https:\/\/api.w.org\/{rel}","templated":true}]}}